{"id":4503,"date":"2018-12-07T09:16:04","date_gmt":"2018-12-07T09:16:04","guid":{"rendered":"https:\/\/www.etacarinae.org\/ou-nous-operons\/"},"modified":"2018-12-07T09:16:05","modified_gmt":"2018-12-07T09:16:05","slug":"ou-nous-operons","status":"publish","type":"page","link":"https:\/\/www.etacarinae.org\/fr\/ou-nous-operons\/","title":{"rendered":"O\u00f9 nous op\u00e9rons"},"content":{"rendered":"<p>[vc_row full_width=\u00a0\u00bbstretch_row_content\u00a0\u00bb css=\u00a0\u00bb.vc_custom_1506708727363{margin-top: 60px !important;}\u00a0\u00bb][vc_column][vc_column_text]<\/p>\n<h2 style=\"text-align: center;\">EtaCarinae dans le monde<\/h2>\n<p><div class='sim-main-content ' role='main' id='mainContent'>\n\t\t\t\t\t\t<div id='super-inter-active-map-block'>\n\t\t\t\t\t\t\t<div class='sim_maps_blcok' >\n                                 <div id='sim_interactive_map1' class='sim_map_area'><\/div>\n\t\t\t\t\t\t\t<\/div>\n\t\t\t\t\t\t<\/div>\n\t\t\t\t\t<\/div><style>\n#sim_interactive_map1 { margin-left: -40%; }\n#sim_interactive_map1 { margin-top: -20%; }\n#sim_interactive_map1 { width: 160%; height: 160%; }#sim_interactive_map1:after { padding-top:67%; }<\/style><style>.sim_maps_blcok path{\n\t\t\tstroke:#efefef;\n\t\t\tstroke-width: 2px;\n\t\t}#super-inter-active-map-block path:hover {\n\t\t\tstroke-width: 3px !important;\n\t\t}<\/style><\/p>\n<p><a href=\"https:\/\/www.etacarinae.org\/wp-content\/uploads\/2018\/11\/logo_etacarinae.png\"><img loading=\"lazy\" decoding=\"async\" class=\"alignnone size-full wp-image-3568 aligncenter\" src=\"https:\/\/www.etacarinae.org\/wp-content\/uploads\/2018\/11\/logo_etacarinae.png\" alt=\"\" width=\"240\" height=\"80\" srcset=\"https:\/\/www.etacarinae.org\/wp-content\/uploads\/2018\/11\/logo_etacarinae.png 240w, https:\/\/www.etacarinae.org\/wp-content\/uploads\/2018\/11\/logo_etacarinae-133x44.png 133w, https:\/\/www.etacarinae.org\/wp-content\/uploads\/2018\/11\/logo_etacarinae-235x78.png 235w\" sizes=\"(max-width: 240px) 100vw, 240px\" \/><\/a><\/p>\n<p style=\"text-align: center;\"><span style=\"font-size: 18pt;\"><span style=\"text-decoration: underline;\">EtaCarinae op\u00e8re dans ces r\u00e9gions du monde mises en \u00e9vidence sur la carte orange<\/span><\/span><\/p>\n<p>&nbsp;[\/vc_column_text][\/vc_column][\/vc_row]<\/p>\n","protected":false},"excerpt":{"rendered":"<p>[vc_row full_width=\u00a0\u00bbstretch_row_content\u00a0\u00bb css=\u00a0\u00bb.vc_custom_1506708727363{margin-top: 60px !important;}\u00a0\u00bb][vc_column][vc_column_text]EtaCarinae dans le monde [SUPER-INTERACTIVE-MAP ID=1] EtaCarinae op\u00e8re dans ces r\u00e9gions du monde mises en \u00e9vidence sur la carte orange &nbsp;[\/vc_column_text][\/vc_column][\/vc_row]<\/p>\n","protected":false},"author":6,"featured_media":0,"parent":0,"menu_order":0,"comment_status":"closed","ping_status":"closed","template":"","meta":{"_et_pb_use_builder":"on","_et_pb_old_content":"","_et_gb_content_width":"","footnotes":""},"class_list":["post-4503","page","type-page","status-publish","hentry"],"yoast_head":"<!-- This site is optimized with the Yoast SEO plugin v26.4 - https:\/\/yoast.com\/wordpress\/plugins\/seo\/ -->\n<title>O\u00f9 nous op\u00e9rons - Etacarinae S.r.l.<\/title>\n<meta name=\"description\" content=\"Etacarinae Leader nel settore della certificazione e business development per lo sviluppo del settore bioenergetico vi mostra i paesi in cui opera\" \/>\n<meta name=\"robots\" content=\"index, follow, max-snippet:-1, max-image-preview:large, max-video-preview:-1\" \/>\n<link rel=\"canonical\" href=\"https:\/\/www.etacarinae.org\/fr\/ou-nous-operons\/\" \/>\n<meta property=\"og:locale\" content=\"fr_FR\" \/>\n<meta property=\"og:type\" content=\"article\" \/>\n<meta property=\"og:title\" content=\"O\u00f9 nous op\u00e9rons - Etacarinae S.r.l.\" \/>\n<meta property=\"og:description\" content=\"Etacarinae Leader nel settore della certificazione e business development per lo sviluppo del settore bioenergetico vi mostra i paesi in cui opera\" \/>\n<meta property=\"og:url\" content=\"https:\/\/www.etacarinae.org\/fr\/ou-nous-operons\/\" \/>\n<meta property=\"og:site_name\" content=\"Etacarinae S.r.l.\" \/>\n<meta property=\"article:publisher\" content=\"https:\/\/it-it.facebook.com\/etacarinaesrl\/\" \/>\n<meta property=\"article:modified_time\" content=\"2018-12-07T09:16:05+00:00\" \/>\n<meta property=\"og:image\" content=\"https:\/\/www.etacarinae.org\/wp-content\/uploads\/2018\/11\/logo_etacarinae.png\" \/>\n<script type=\"application\/ld+json\" class=\"yoast-schema-graph\">{\"@context\":\"https:\/\/schema.org\",\"@graph\":[{\"@type\":\"WebPage\",\"@id\":\"https:\/\/www.etacarinae.org\/fr\/ou-nous-operons\/\",\"url\":\"https:\/\/www.etacarinae.org\/fr\/ou-nous-operons\/\",\"name\":\"O\u00f9 nous op\u00e9rons - Etacarinae S.r.l.\",\"isPartOf\":{\"@id\":\"https:\/\/www.etacarinae.org\/fr\/#website\"},\"primaryImageOfPage\":{\"@id\":\"https:\/\/www.etacarinae.org\/fr\/ou-nous-operons\/#primaryimage\"},\"image\":{\"@id\":\"https:\/\/www.etacarinae.org\/fr\/ou-nous-operons\/#primaryimage\"},\"thumbnailUrl\":\"https:\/\/www.etacarinae.org\/wp-content\/uploads\/2018\/11\/logo_etacarinae.png\",\"datePublished\":\"2018-12-07T09:16:04+00:00\",\"dateModified\":\"2018-12-07T09:16:05+00:00\",\"description\":\"Etacarinae Leader nel settore della certificazione e business development per lo sviluppo del settore bioenergetico vi mostra i paesi in cui opera\",\"breadcrumb\":{\"@id\":\"https:\/\/www.etacarinae.org\/fr\/ou-nous-operons\/#breadcrumb\"},\"inLanguage\":\"fr-FR\",\"potentialAction\":[{\"@type\":\"ReadAction\",\"target\":[\"https:\/\/www.etacarinae.org\/fr\/ou-nous-operons\/\"]}]},{\"@type\":\"ImageObject\",\"inLanguage\":\"fr-FR\",\"@id\":\"https:\/\/www.etacarinae.org\/fr\/ou-nous-operons\/#primaryimage\",\"url\":\"https:\/\/www.etacarinae.org\/wp-content\/uploads\/2018\/11\/logo_etacarinae.png\",\"contentUrl\":\"https:\/\/www.etacarinae.org\/wp-content\/uploads\/2018\/11\/logo_etacarinae.png\"},{\"@type\":\"BreadcrumbList\",\"@id\":\"https:\/\/www.etacarinae.org\/fr\/ou-nous-operons\/#breadcrumb\",\"itemListElement\":[{\"@type\":\"ListItem\",\"position\":1,\"name\":\"Home\",\"item\":\"https:\/\/www.etacarinae.org\/fr\/\"},{\"@type\":\"ListItem\",\"position\":2,\"name\":\"O\u00f9 nous op\u00e9rons\"}]},{\"@type\":\"WebSite\",\"@id\":\"https:\/\/www.etacarinae.org\/fr\/#website\",\"url\":\"https:\/\/www.etacarinae.org\/fr\/\",\"name\":\"Etacarinae S.r.l.\",\"description\":\"\",\"publisher\":{\"@id\":\"https:\/\/www.etacarinae.org\/fr\/#organization\"},\"potentialAction\":[{\"@type\":\"SearchAction\",\"target\":{\"@type\":\"EntryPoint\",\"urlTemplate\":\"https:\/\/www.etacarinae.org\/fr\/?s={search_term_string}\"},\"query-input\":{\"@type\":\"PropertyValueSpecification\",\"valueRequired\":true,\"valueName\":\"search_term_string\"}}],\"inLanguage\":\"fr-FR\"},{\"@type\":\"Organization\",\"@id\":\"https:\/\/www.etacarinae.org\/fr\/#organization\",\"name\":\"etacarinae s.r.l.\",\"url\":\"https:\/\/www.etacarinae.org\/fr\/\",\"logo\":{\"@type\":\"ImageObject\",\"inLanguage\":\"fr-FR\",\"@id\":\"https:\/\/www.etacarinae.org\/fr\/#\/schema\/logo\/image\/\",\"url\":\"https:\/\/www.etacarinae.org\/wp-content\/uploads\/2018\/11\/logo_etacarinae_big.png\",\"contentUrl\":\"https:\/\/www.etacarinae.org\/wp-content\/uploads\/2018\/11\/logo_etacarinae_big.png\",\"width\":350,\"height\":127,\"caption\":\"etacarinae s.r.l.\"},\"image\":{\"@id\":\"https:\/\/www.etacarinae.org\/fr\/#\/schema\/logo\/image\/\"},\"sameAs\":[\"https:\/\/it-it.facebook.com\/etacarinaesrl\/\",\"https:\/\/www.linkedin.com\/company\/etacarinae-s-r-l-\/\"]}]}<\/script>\n<!-- \/ Yoast SEO plugin. -->","yoast_head_json":{"title":"O\u00f9 nous op\u00e9rons - Etacarinae S.r.l.","description":"Etacarinae Leader nel settore della certificazione e business development per lo sviluppo del settore bioenergetico vi mostra i paesi in cui opera","robots":{"index":"index","follow":"follow","max-snippet":"max-snippet:-1","max-image-preview":"max-image-preview:large","max-video-preview":"max-video-preview:-1"},"canonical":"https:\/\/www.etacarinae.org\/fr\/ou-nous-operons\/","og_locale":"fr_FR","og_type":"article","og_title":"O\u00f9 nous op\u00e9rons - Etacarinae S.r.l.","og_description":"Etacarinae Leader nel settore della certificazione e business development per lo sviluppo del settore bioenergetico vi mostra i paesi in cui opera","og_url":"https:\/\/www.etacarinae.org\/fr\/ou-nous-operons\/","og_site_name":"Etacarinae S.r.l.","article_publisher":"https:\/\/it-it.facebook.com\/etacarinaesrl\/","article_modified_time":"2018-12-07T09:16:05+00:00","og_image":[{"url":"https:\/\/www.etacarinae.org\/wp-content\/uploads\/2018\/11\/logo_etacarinae.png","type":"","width":"","height":""}],"schema":{"@context":"https:\/\/schema.org","@graph":[{"@type":"WebPage","@id":"https:\/\/www.etacarinae.org\/fr\/ou-nous-operons\/","url":"https:\/\/www.etacarinae.org\/fr\/ou-nous-operons\/","name":"O\u00f9 nous op\u00e9rons - Etacarinae S.r.l.","isPartOf":{"@id":"https:\/\/www.etacarinae.org\/fr\/#website"},"primaryImageOfPage":{"@id":"https:\/\/www.etacarinae.org\/fr\/ou-nous-operons\/#primaryimage"},"image":{"@id":"https:\/\/www.etacarinae.org\/fr\/ou-nous-operons\/#primaryimage"},"thumbnailUrl":"https:\/\/www.etacarinae.org\/wp-content\/uploads\/2018\/11\/logo_etacarinae.png","datePublished":"2018-12-07T09:16:04+00:00","dateModified":"2018-12-07T09:16:05+00:00","description":"Etacarinae Leader nel settore della certificazione e business development per lo sviluppo del settore bioenergetico vi mostra i paesi in cui opera","breadcrumb":{"@id":"https:\/\/www.etacarinae.org\/fr\/ou-nous-operons\/#breadcrumb"},"inLanguage":"fr-FR","potentialAction":[{"@type":"ReadAction","target":["https:\/\/www.etacarinae.org\/fr\/ou-nous-operons\/"]}]},{"@type":"ImageObject","inLanguage":"fr-FR","@id":"https:\/\/www.etacarinae.org\/fr\/ou-nous-operons\/#primaryimage","url":"https:\/\/www.etacarinae.org\/wp-content\/uploads\/2018\/11\/logo_etacarinae.png","contentUrl":"https:\/\/www.etacarinae.org\/wp-content\/uploads\/2018\/11\/logo_etacarinae.png"},{"@type":"BreadcrumbList","@id":"https:\/\/www.etacarinae.org\/fr\/ou-nous-operons\/#breadcrumb","itemListElement":[{"@type":"ListItem","position":1,"name":"Home","item":"https:\/\/www.etacarinae.org\/fr\/"},{"@type":"ListItem","position":2,"name":"O\u00f9 nous op\u00e9rons"}]},{"@type":"WebSite","@id":"https:\/\/www.etacarinae.org\/fr\/#website","url":"https:\/\/www.etacarinae.org\/fr\/","name":"Etacarinae S.r.l.","description":"","publisher":{"@id":"https:\/\/www.etacarinae.org\/fr\/#organization"},"potentialAction":[{"@type":"SearchAction","target":{"@type":"EntryPoint","urlTemplate":"https:\/\/www.etacarinae.org\/fr\/?s={search_term_string}"},"query-input":{"@type":"PropertyValueSpecification","valueRequired":true,"valueName":"search_term_string"}}],"inLanguage":"fr-FR"},{"@type":"Organization","@id":"https:\/\/www.etacarinae.org\/fr\/#organization","name":"etacarinae s.r.l.","url":"https:\/\/www.etacarinae.org\/fr\/","logo":{"@type":"ImageObject","inLanguage":"fr-FR","@id":"https:\/\/www.etacarinae.org\/fr\/#\/schema\/logo\/image\/","url":"https:\/\/www.etacarinae.org\/wp-content\/uploads\/2018\/11\/logo_etacarinae_big.png","contentUrl":"https:\/\/www.etacarinae.org\/wp-content\/uploads\/2018\/11\/logo_etacarinae_big.png","width":350,"height":127,"caption":"etacarinae s.r.l."},"image":{"@id":"https:\/\/www.etacarinae.org\/fr\/#\/schema\/logo\/image\/"},"sameAs":["https:\/\/it-it.facebook.com\/etacarinaesrl\/","https:\/\/www.linkedin.com\/company\/etacarinae-s-r-l-\/"]}]}},"_links":{"self":[{"href":"https:\/\/www.etacarinae.org\/fr\/wp-json\/wp\/v2\/pages\/4503","targetHints":{"allow":["GET"]}}],"collection":[{"href":"https:\/\/www.etacarinae.org\/fr\/wp-json\/wp\/v2\/pages"}],"about":[{"href":"https:\/\/www.etacarinae.org\/fr\/wp-json\/wp\/v2\/types\/page"}],"author":[{"embeddable":true,"href":"https:\/\/www.etacarinae.org\/fr\/wp-json\/wp\/v2\/users\/6"}],"replies":[{"embeddable":true,"href":"https:\/\/www.etacarinae.org\/fr\/wp-json\/wp\/v2\/comments?post=4503"}],"version-history":[{"count":1,"href":"https:\/\/www.etacarinae.org\/fr\/wp-json\/wp\/v2\/pages\/4503\/revisions"}],"predecessor-version":[{"id":4510,"href":"https:\/\/www.etacarinae.org\/fr\/wp-json\/wp\/v2\/pages\/4503\/revisions\/4510"}],"wp:attachment":[{"href":"https:\/\/www.etacarinae.org\/fr\/wp-json\/wp\/v2\/media?parent=4503"}],"curies":[{"name":"wp","href":"https:\/\/api.w.org\/{rel}","templated":true}]}}